{"id":14,"date":"2025-01-05T15:47:34","date_gmt":"2025-01-05T15:47:34","guid":{"rendered":"https:\/\/9thcloudstudios.com\/?page_id=14"},"modified":"2026-02-01T22:39:05","modified_gmt":"2026-02-01T22:39:05","slug":"our-work","status":"publish","type":"page","link":"https:\/\/9thcloudstudios.com\/fr\/our-work\/","title":{"rendered":"nos r\u00e9alisations"},"content":{"rendered":"<div data-elementor-type=\"wp-page\" data-elementor-id=\"14\" class=\"elementor elementor-14\" data-elementor-post-type=\"page\">\n\t\t\t\t<div class=\"elementor-element elementor-element-4a03c8a e-con-full e-flex e-con e-parent\" data-id=\"4a03c8a\" data-element_type=\"container\" data-settings=\"{&quot;background_background&quot;:&quot;classic&quot;}\">\n\t\t<div class=\"elementor-element elementor-element-70702b3 e-con-full e-flex e-con e-child\" data-id=\"70702b3\" data-element_type=\"container\">\n\t\t<div class=\"elementor-element elementor-element-f5ddc61 e-con-full e-flex e-con e-child\" data-id=\"f5ddc61\" data-element_type=\"container\">\n\t\t\t\t<div class=\"elementor-element elementor-element-397f846 elementor-widget elementor-widget-heading\" data-id=\"397f846\" data-element_type=\"widget\" data-widget_type=\"heading.default\">\n\t\t\t\t<div class=\"elementor-widget-container\">\n\t\t\t\t\t<h1 class=\"elementor-heading-title elementor-size-default\">nos r\u00e9alisations<\/h1>\t\t\t\t<\/div>\n\t\t\t\t<\/div>\n\t\t\t\t<div class=\"elementor-element elementor-element-90db612 elementor-widget elementor-widget-heading\" data-id=\"90db612\" data-element_type=\"widget\" data-widget_type=\"heading.default\">\n\t\t\t\t<div class=\"elementor-widget-container\">\n\t\t\t\t\t<p class=\"elementor-heading-title elementor-size-default\">We don\u2019t just build products; we engineer growth. Discover our portfolio of custom web applications, automated workflows, and premium visual identities built to perform at scale.<\/p>\t\t\t\t<\/div>\n\t\t\t\t<\/div>\n\t\t\t\t<\/div>\n\t\t\t\t<\/div>\n\t\t<div class=\"elementor-element elementor-element-d99fe46 e-con-full e-flex e-con e-child\" data-id=\"d99fe46\" data-element_type=\"container\">\n\t\t<div class=\"elementor-element elementor-element-d16da3e e-grid e-con-full e-con e-child\" data-id=\"d16da3e\" data-element_type=\"container\">\n\t\t<div class=\"elementor-element elementor-element-8649ed2 e-con-full e-flex e-con e-child\" data-id=\"8649ed2\" data-element_type=\"container\" data-settings=\"{&quot;background_background&quot;:&quot;gradient&quot;}\">\n\t\t<div class=\"elementor-element elementor-element-467362d e-con-full e-flex e-con e-child\" data-id=\"467362d\" data-element_type=\"container\">\n\t\t\t\t<div class=\"elementor-element elementor-element-4dbcc3e elementor-widget elementor-widget-image\" data-id=\"4dbcc3e\" data-element_type=\"widget\" data-widget_type=\"image.default\">\n\t\t\t\t<div class=\"elementor-widget-container\">\n\t\t\t\t\t\t\t\t\t\t\t\t\t\t\t<img fetchpriority=\"high\" decoding=\"async\" width=\"800\" height=\"600\" src=\"https:\/\/9thcloudstudios.com\/wp-content\/uploads\/2026\/02\/sushi-sur-oise-prj-1024x768.webp\" class=\"attachment-large size-large wp-image-520\" alt=\"\" srcset=\"https:\/\/9thcloudstudios.com\/wp-content\/uploads\/2026\/02\/sushi-sur-oise-prj-1024x768.webp 1024w, https:\/\/9thcloudstudios.com\/wp-content\/uploads\/2026\/02\/sushi-sur-oise-prj-300x225.webp 300w, https:\/\/9thcloudstudios.com\/wp-content\/uploads\/2026\/02\/sushi-sur-oise-prj-768x576.webp 768w, https:\/\/9thcloudstudios.com\/wp-content\/uploads\/2026\/02\/sushi-sur-oise-prj-1536x1152.webp 1536w, https:\/\/9thcloudstudios.com\/wp-content\/uploads\/2026\/02\/sushi-sur-oise-prj.webp 2000w\" sizes=\"(max-width: 800px) 100vw, 800px\" \/>\t\t\t\t\t\t\t\t\t\t\t\t\t\t\t<\/div>\n\t\t\t\t<\/div>\n\t\t\t\t<div class=\"elementor-element elementor-element-bcc97b4 elementor-absolute elementor-widget elementor-widget-button\" data-id=\"bcc97b4\" data-element_type=\"widget\" data-settings=\"{&quot;_position&quot;:&quot;absolute&quot;}\" data-widget_type=\"button.default\">\n\t\t\t\t<div class=\"elementor-widget-container\">\n\t\t\t\t\t\t\t\t\t<div class=\"elementor-button-wrapper\">\n\t\t\t\t\t<a class=\"elementor-button elementor-size-sm\" role=\"button\">\n\t\t\t\t\t\t<span class=\"elementor-button-content-wrapper\">\n\t\t\t\t\t\t\t\t\t<span class=\"elementor-button-text\">Commerce \u00e9lectronique et automatisation<\/span>\n\t\t\t\t\t<\/span>\n\t\t\t\t\t<\/a>\n\t\t\t\t<\/div>\n\t\t\t\t\t\t\t\t<\/div>\n\t\t\t\t<\/div>\n\t\t\t\t<\/div>\n\t\t<div class=\"elementor-element elementor-element-e0f35b1 e-con-full e-flex e-con e-child\" data-id=\"e0f35b1\" data-element_type=\"container\">\n\t\t\t\t<div class=\"elementor-element elementor-element-3fcb4e4 elementor-widget elementor-widget-heading\" data-id=\"3fcb4e4\" data-element_type=\"widget\" data-widget_type=\"heading.default\">\n\t\t\t\t<div class=\"elementor-widget-container\">\n\t\t\t\t\t<p class=\"elementor-heading-title elementor-size-default\">SUSHI SUR OISE<\/p>\t\t\t\t<\/div>\n\t\t\t\t<\/div>\n\t\t\t\t<div class=\"elementor-element elementor-element-f946f6c elementor-widget elementor-widget-heading\" data-id=\"f946f6c\" data-element_type=\"widget\" data-widget_type=\"heading.default\">\n\t\t\t\t<div class=\"elementor-widget-container\">\n\t\t\t\t\t<p class=\"elementor-heading-title elementor-size-default\">Une transformation num\u00e9rique compl\u00e8te pour un restaurant haut de gamme. Nous avons con\u00e7u une plateforme de commerce \u00e9lectronique personnalis\u00e9e qui automatise l'ensemble du cycle de vie des commandes, depuis les paiements en ligne s\u00e9curis\u00e9s jusqu'\u00e0 l'impression des tickets de cuisine en temps r\u00e9el et l'exp\u00e9dition des livraisons en continu, pour une efficacit\u00e9 op\u00e9rationnelle maximale.<\/p>\t\t\t\t<\/div>\n\t\t\t\t<\/div>\n\t\t\t\t<\/div>\n\t\t<div class=\"elementor-element elementor-element-e182a1b e-con-full e-flex e-con e-child\" data-id=\"e182a1b\" data-element_type=\"container\">\n\t\t\t\t<div class=\"elementor-element elementor-element-14f56dd elementor-widget elementor-widget-button\" data-id=\"14f56dd\" data-element_type=\"widget\" data-widget_type=\"button.default\">\n\t\t\t\t<div class=\"elementor-widget-container\">\n\t\t\t\t\t\t\t\t\t<div class=\"elementor-button-wrapper\">\n\t\t\t\t\t<a class=\"elementor-button elementor-button-link elementor-size-sm\" href=\"https:\/\/sushisuroise.fr\/\" target=\"_blank\">\n\t\t\t\t\t\t<span class=\"elementor-button-content-wrapper\">\n\t\t\t\t\t\t\t\t\t<span class=\"elementor-button-text\">Visiter le site web<\/span>\n\t\t\t\t\t<\/span>\n\t\t\t\t\t<\/a>\n\t\t\t\t<\/div>\n\t\t\t\t\t\t\t\t<\/div>\n\t\t\t\t<\/div>\n\t\t\t\t<div class=\"elementor-element elementor-element-1641a21 elementor-widget elementor-widget-button\" data-id=\"1641a21\" data-element_type=\"widget\" data-widget_type=\"button.default\">\n\t\t\t\t<div class=\"elementor-widget-container\">\n\t\t\t\t\t\t\t\t\t<div class=\"elementor-button-wrapper\">\n\t\t\t\t\t<a class=\"elementor-button elementor-button-link elementor-size-sm\" href=\"#\">\n\t\t\t\t\t\t<span class=\"elementor-button-content-wrapper\">\n\t\t\t\t\t\t\t\t\t<span class=\"elementor-button-text\">\u00c0 propos du projet<\/span>\n\t\t\t\t\t<\/span>\n\t\t\t\t\t<\/a>\n\t\t\t\t<\/div>\n\t\t\t\t\t\t\t\t<\/div>\n\t\t\t\t<\/div>\n\t\t\t\t<\/div>\n\t\t\t\t<\/div>\n\t\t<div class=\"elementor-element elementor-element-a6ddaf8 e-con-full e-flex e-con e-child\" data-id=\"a6ddaf8\" data-element_type=\"container\" data-settings=\"{&quot;background_background&quot;:&quot;gradient&quot;}\">\n\t\t<div class=\"elementor-element elementor-element-832ce25 e-con-full e-flex e-con e-child\" data-id=\"832ce25\" data-element_type=\"container\">\n\t\t\t\t<div class=\"elementor-element elementor-element-7eeef8a elementor-widget elementor-widget-image\" data-id=\"7eeef8a\" data-element_type=\"widget\" data-widget_type=\"image.default\">\n\t\t\t\t<div class=\"elementor-widget-container\">\n\t\t\t\t\t\t\t\t\t\t\t\t\t\t\t<img decoding=\"async\" width=\"800\" height=\"533\" src=\"https:\/\/9thcloudstudios.com\/wp-content\/uploads\/2026\/02\/Permis-ok-prj-1024x682.webp\" class=\"attachment-large size-large wp-image-525\" alt=\"\" srcset=\"https:\/\/9thcloudstudios.com\/wp-content\/uploads\/2026\/02\/Permis-ok-prj-1024x682.webp 1024w, https:\/\/9thcloudstudios.com\/wp-content\/uploads\/2026\/02\/Permis-ok-prj-300x200.webp 300w, https:\/\/9thcloudstudios.com\/wp-content\/uploads\/2026\/02\/Permis-ok-prj-768x512.webp 768w, https:\/\/9thcloudstudios.com\/wp-content\/uploads\/2026\/02\/Permis-ok-prj-1536x1024.webp 1536w, https:\/\/9thcloudstudios.com\/wp-content\/uploads\/2026\/02\/Permis-ok-prj.webp 2000w\" sizes=\"(max-width: 800px) 100vw, 800px\" \/>\t\t\t\t\t\t\t\t\t\t\t\t\t\t\t<\/div>\n\t\t\t\t<\/div>\n\t\t\t\t<div class=\"elementor-element elementor-element-d962d44 elementor-absolute elementor-widget elementor-widget-button\" data-id=\"d962d44\" data-element_type=\"widget\" data-settings=\"{&quot;_position&quot;:&quot;absolute&quot;}\" data-widget_type=\"button.default\">\n\t\t\t\t<div class=\"elementor-widget-container\">\n\t\t\t\t\t\t\t\t\t<div class=\"elementor-button-wrapper\">\n\t\t\t\t\t<a class=\"elementor-button elementor-size-sm\" role=\"button\">\n\t\t\t\t\t\t<span class=\"elementor-button-content-wrapper\">\n\t\t\t\t\t\t\t\t\t<span class=\"elementor-button-text\">Sites web d\u2019entreprise<\/span>\n\t\t\t\t\t<\/span>\n\t\t\t\t\t<\/a>\n\t\t\t\t<\/div>\n\t\t\t\t\t\t\t\t<\/div>\n\t\t\t\t<\/div>\n\t\t\t\t<\/div>\n\t\t<div class=\"elementor-element elementor-element-32228b5 e-con-full e-flex e-con e-child\" data-id=\"32228b5\" data-element_type=\"container\">\n\t\t\t\t<div class=\"elementor-element elementor-element-cb1e5ee elementor-widget elementor-widget-heading\" data-id=\"cb1e5ee\" data-element_type=\"widget\" data-widget_type=\"heading.default\">\n\t\t\t\t<div class=\"elementor-widget-container\">\n\t\t\t\t\t<p class=\"elementor-heading-title elementor-size-default\">permis ok <\/p>\t\t\t\t<\/div>\n\t\t\t\t<\/div>\n\t\t\t\t<div class=\"elementor-element elementor-element-2bd8510 elementor-widget elementor-widget-heading\" data-id=\"2bd8510\" data-element_type=\"widget\" data-widget_type=\"heading.default\">\n\t\t\t\t<div class=\"elementor-widget-container\">\n\t\t\t\t\t<p class=\"elementor-heading-title elementor-size-default\">Un actif num\u00e9rique strat\u00e9gique con\u00e7u pour un service de location sp\u00e9cialis\u00e9. Nous avons combin\u00e9 une interface moderne et mobile avec des entonnoirs de service clairs pour transformer l'entreprise en un \u00e9cosyst\u00e8me professionnalis\u00e9 qui renforce la confiance des utilisateurs et g\u00e9n\u00e8re des conversions \u00e0 fort impact.<\/p>\t\t\t\t<\/div>\n\t\t\t\t<\/div>\n\t\t\t\t<\/div>\n\t\t<div class=\"elementor-element elementor-element-49e891a e-con-full e-flex e-con e-child\" data-id=\"49e891a\" data-element_type=\"container\">\n\t\t\t\t<div class=\"elementor-element elementor-element-edf8736 elementor-widget elementor-widget-button\" data-id=\"edf8736\" data-element_type=\"widget\" data-widget_type=\"button.default\">\n\t\t\t\t<div class=\"elementor-widget-container\">\n\t\t\t\t\t\t\t\t\t<div class=\"elementor-button-wrapper\">\n\t\t\t\t\t<a class=\"elementor-button elementor-button-link elementor-size-sm\" href=\"https:\/\/permisok.fr\/\" target=\"_blank\">\n\t\t\t\t\t\t<span class=\"elementor-button-content-wrapper\">\n\t\t\t\t\t\t\t\t\t<span class=\"elementor-button-text\">Visiter le site web<\/span>\n\t\t\t\t\t<\/span>\n\t\t\t\t\t<\/a>\n\t\t\t\t<\/div>\n\t\t\t\t\t\t\t\t<\/div>\n\t\t\t\t<\/div>\n\t\t\t\t<div class=\"elementor-element elementor-element-8f70dd9 elementor-widget elementor-widget-button\" data-id=\"8f70dd9\" data-element_type=\"widget\" data-widget_type=\"button.default\">\n\t\t\t\t<div class=\"elementor-widget-container\">\n\t\t\t\t\t\t\t\t\t<div class=\"elementor-button-wrapper\">\n\t\t\t\t\t<a class=\"elementor-button elementor-button-link elementor-size-sm\" href=\"#\">\n\t\t\t\t\t\t<span class=\"elementor-button-content-wrapper\">\n\t\t\t\t\t\t\t\t\t<span class=\"elementor-button-text\">\u00c0 propos du projet<\/span>\n\t\t\t\t\t<\/span>\n\t\t\t\t\t<\/a>\n\t\t\t\t<\/div>\n\t\t\t\t\t\t\t\t<\/div>\n\t\t\t\t<\/div>\n\t\t\t\t<\/div>\n\t\t\t\t<\/div>\n\t\t<div class=\"elementor-element elementor-element-265ed4f e-con-full e-flex e-con e-child\" data-id=\"265ed4f\" data-element_type=\"container\" data-settings=\"{&quot;background_background&quot;:&quot;gradient&quot;}\">\n\t\t<div class=\"elementor-element elementor-element-58c0ef1 e-con-full e-flex e-con e-child\" data-id=\"58c0ef1\" data-element_type=\"container\">\n\t\t\t\t<div class=\"elementor-element elementor-element-0e26ee2 elementor-widget elementor-widget-image\" data-id=\"0e26ee2\" data-element_type=\"widget\" data-widget_type=\"image.default\">\n\t\t\t\t<div class=\"elementor-widget-container\">\n\t\t\t\t\t\t\t\t\t\t\t\t\t\t\t<img decoding=\"async\" width=\"800\" height=\"533\" src=\"https:\/\/9thcloudstudios.com\/wp-content\/uploads\/2026\/02\/ghana-people-tour-prj-1024x682.webp\" class=\"attachment-large size-large wp-image-526\" alt=\"\" srcset=\"https:\/\/9thcloudstudios.com\/wp-content\/uploads\/2026\/02\/ghana-people-tour-prj-1024x682.webp 1024w, https:\/\/9thcloudstudios.com\/wp-content\/uploads\/2026\/02\/ghana-people-tour-prj-300x200.webp 300w, https:\/\/9thcloudstudios.com\/wp-content\/uploads\/2026\/02\/ghana-people-tour-prj-768x512.webp 768w, https:\/\/9thcloudstudios.com\/wp-content\/uploads\/2026\/02\/ghana-people-tour-prj-1536x1024.webp 1536w, https:\/\/9thcloudstudios.com\/wp-content\/uploads\/2026\/02\/ghana-people-tour-prj.webp 2000w\" sizes=\"(max-width: 800px) 100vw, 800px\" \/>\t\t\t\t\t\t\t\t\t\t\t\t\t\t\t<\/div>\n\t\t\t\t<\/div>\n\t\t\t\t<div class=\"elementor-element elementor-element-72096a8 elementor-absolute elementor-widget elementor-widget-button\" data-id=\"72096a8\" data-element_type=\"widget\" data-settings=\"{&quot;_position&quot;:&quot;absolute&quot;}\" data-widget_type=\"button.default\">\n\t\t\t\t<div class=\"elementor-widget-container\">\n\t\t\t\t\t\t\t\t\t<div class=\"elementor-button-wrapper\">\n\t\t\t\t\t<a class=\"elementor-button elementor-size-sm\" role=\"button\">\n\t\t\t\t\t\t<span class=\"elementor-button-content-wrapper\">\n\t\t\t\t\t\t\t\t\t<span class=\"elementor-button-text\">Plateforme de commerce \u00e9lectronique et de r\u00e9servation<\/span>\n\t\t\t\t\t<\/span>\n\t\t\t\t\t<\/a>\n\t\t\t\t<\/div>\n\t\t\t\t\t\t\t\t<\/div>\n\t\t\t\t<\/div>\n\t\t\t\t<\/div>\n\t\t<div class=\"elementor-element elementor-element-26a34e2 e-con-full e-flex e-con e-child\" data-id=\"26a34e2\" data-element_type=\"container\">\n\t\t\t\t<div class=\"elementor-element elementor-element-85c1871 elementor-widget elementor-widget-heading\" data-id=\"85c1871\" data-element_type=\"widget\" data-widget_type=\"heading.default\">\n\t\t\t\t<div class=\"elementor-widget-container\">\n\t\t\t\t\t<p class=\"elementor-heading-title elementor-size-default\">Ghana People Tours<\/p>\t\t\t\t<\/div>\n\t\t\t\t<\/div>\n\t\t\t\t<div class=\"elementor-element elementor-element-c95db8c elementor-widget elementor-widget-heading\" data-id=\"c95db8c\" data-element_type=\"widget\" data-widget_type=\"heading.default\">\n\t\t\t\t<div class=\"elementor-widget-container\">\n\t\t\t\t\t<p class=\"elementor-heading-title elementor-size-default\">Un \u00e9cosyst\u00e8me de r\u00e9servation robuste et complet pour des exp\u00e9riences de voyage authentiques. Nous avons d\u00e9velopp\u00e9 un inventaire dynamique de circuits avec un traitement s\u00e9curis\u00e9 des paiements et un moteur d'itin\u00e9raires personnalis\u00e9, permettant aux voyageurs du monde entier de construire et de r\u00e9server des voyages personnalis\u00e9s de plusieurs jours en temps r\u00e9el.<\/p>\t\t\t\t<\/div>\n\t\t\t\t<\/div>\n\t\t\t\t<\/div>\n\t\t<div class=\"elementor-element elementor-element-9d2a56b e-con-full e-flex e-con e-child\" data-id=\"9d2a56b\" data-element_type=\"container\">\n\t\t\t\t<div class=\"elementor-element elementor-element-2357c1d elementor-widget elementor-widget-button\" data-id=\"2357c1d\" data-element_type=\"widget\" data-widget_type=\"button.default\">\n\t\t\t\t<div class=\"elementor-widget-container\">\n\t\t\t\t\t\t\t\t\t<div class=\"elementor-button-wrapper\">\n\t\t\t\t\t<a class=\"elementor-button elementor-button-link elementor-size-sm\" href=\"https:\/\/ghanapeopletour.com\/\" target=\"_blank\">\n\t\t\t\t\t\t<span class=\"elementor-button-content-wrapper\">\n\t\t\t\t\t\t\t\t\t<span class=\"elementor-button-text\">Visiter le site web<\/span>\n\t\t\t\t\t<\/span>\n\t\t\t\t\t<\/a>\n\t\t\t\t<\/div>\n\t\t\t\t\t\t\t\t<\/div>\n\t\t\t\t<\/div>\n\t\t\t\t<div class=\"elementor-element elementor-element-85eb95f elementor-widget elementor-widget-button\" data-id=\"85eb95f\" data-element_type=\"widget\" data-widget_type=\"button.default\">\n\t\t\t\t<div class=\"elementor-widget-container\">\n\t\t\t\t\t\t\t\t\t<div class=\"elementor-button-wrapper\">\n\t\t\t\t\t<a class=\"elementor-button elementor-button-link elementor-size-sm\" href=\"#\">\n\t\t\t\t\t\t<span class=\"elementor-button-content-wrapper\">\n\t\t\t\t\t\t\t\t\t<span class=\"elementor-button-text\">\u00c0 propos du projet<\/span>\n\t\t\t\t\t<\/span>\n\t\t\t\t\t<\/a>\n\t\t\t\t<\/div>\n\t\t\t\t\t\t\t\t<\/div>\n\t\t\t\t<\/div>\n\t\t\t\t<\/div>\n\t\t\t\t<\/div>\n\t\t<div class=\"elementor-element elementor-element-739edbe e-con-full e-flex e-con e-child\" data-id=\"739edbe\" data-element_type=\"container\" data-settings=\"{&quot;background_background&quot;:&quot;gradient&quot;}\">\n\t\t<div class=\"elementor-element elementor-element-514acfc e-con-full e-flex e-con e-child\" data-id=\"514acfc\" data-element_type=\"container\">\n\t\t\t\t<div class=\"elementor-element elementor-element-502d7d6 elementor-widget elementor-widget-image\" data-id=\"502d7d6\" data-element_type=\"widget\" data-widget_type=\"image.default\">\n\t\t\t\t<div class=\"elementor-widget-container\">\n\t\t\t\t\t\t\t\t\t\t\t\t\t\t\t<img loading=\"lazy\" decoding=\"async\" width=\"800\" height=\"600\" src=\"https:\/\/9thcloudstudios.com\/wp-content\/uploads\/2026\/02\/maesure-afrique-prj-1024x768.webp\" class=\"attachment-large size-large wp-image-527\" alt=\"\" srcset=\"https:\/\/9thcloudstudios.com\/wp-content\/uploads\/2026\/02\/maesure-afrique-prj-1024x768.webp 1024w, https:\/\/9thcloudstudios.com\/wp-content\/uploads\/2026\/02\/maesure-afrique-prj-300x225.webp 300w, https:\/\/9thcloudstudios.com\/wp-content\/uploads\/2026\/02\/maesure-afrique-prj-768x576.webp 768w, https:\/\/9thcloudstudios.com\/wp-content\/uploads\/2026\/02\/maesure-afrique-prj-1536x1152.webp 1536w, https:\/\/9thcloudstudios.com\/wp-content\/uploads\/2026\/02\/maesure-afrique-prj.webp 2000w\" sizes=\"(max-width: 800px) 100vw, 800px\" \/>\t\t\t\t\t\t\t\t\t\t\t\t\t\t\t<\/div>\n\t\t\t\t<\/div>\n\t\t\t\t<div class=\"elementor-element elementor-element-5db6b54 elementor-absolute elementor-widget elementor-widget-button\" data-id=\"5db6b54\" data-element_type=\"widget\" data-settings=\"{&quot;_position&quot;:&quot;absolute&quot;}\" data-widget_type=\"button.default\">\n\t\t\t\t<div class=\"elementor-widget-container\">\n\t\t\t\t\t\t\t\t\t<div class=\"elementor-button-wrapper\">\n\t\t\t\t\t<a class=\"elementor-button elementor-size-sm\" role=\"button\">\n\t\t\t\t\t\t<span class=\"elementor-button-content-wrapper\">\n\t\t\t\t\t\t\t\t\t<span class=\"elementor-button-text\">Sites web d\u2019entreprise<\/span>\n\t\t\t\t\t<\/span>\n\t\t\t\t\t<\/a>\n\t\t\t\t<\/div>\n\t\t\t\t\t\t\t\t<\/div>\n\t\t\t\t<\/div>\n\t\t\t\t<\/div>\n\t\t<div class=\"elementor-element elementor-element-72a5a9c e-con-full e-flex e-con e-child\" data-id=\"72a5a9c\" data-element_type=\"container\">\n\t\t\t\t<div class=\"elementor-element elementor-element-251b2e2 elementor-widget elementor-widget-heading\" data-id=\"251b2e2\" data-element_type=\"widget\" data-widget_type=\"heading.default\">\n\t\t\t\t<div class=\"elementor-widget-container\">\n\t\t\t\t\t<p class=\"elementor-heading-title elementor-size-default\">Mesure afrique<\/p>\t\t\t\t<\/div>\n\t\t\t\t<\/div>\n\t\t\t\t<div class=\"elementor-element elementor-element-0ec7e4a elementor-widget elementor-widget-heading\" data-id=\"0ec7e4a\" data-element_type=\"widget\" data-widget_type=\"heading.default\">\n\t\t\t\t<div class=\"elementor-widget-container\">\n\t\t\t\t\t<p class=\"elementor-heading-title elementor-size-default\">Une plateforme technique sp\u00e9cialis\u00e9e pour le secteur de la construction. Nous avons d\u00e9velopp\u00e9 une solution qui transforme les plans architecturaux en donn\u00e9es financi\u00e8res et techniques pr\u00e9cises (DQE, CCTP), fournissant un bureau d'\u00e9tudes \u00e0 la demande qui r\u00e9duit les frais g\u00e9n\u00e9raux et rationalise la gestion des projets.<\/p>\t\t\t\t<\/div>\n\t\t\t\t<\/div>\n\t\t\t\t<\/div>\n\t\t<div class=\"elementor-element elementor-element-8418628 e-con-full e-flex e-con e-child\" data-id=\"8418628\" data-element_type=\"container\">\n\t\t\t\t<div class=\"elementor-element elementor-element-9e35a5a elementor-widget elementor-widget-button\" data-id=\"9e35a5a\" data-element_type=\"widget\" data-widget_type=\"button.default\">\n\t\t\t\t<div class=\"elementor-widget-container\">\n\t\t\t\t\t\t\t\t\t<div class=\"elementor-button-wrapper\">\n\t\t\t\t\t<a class=\"elementor-button elementor-button-link elementor-size-sm\" href=\"https:\/\/mesure-afrique.com\/\" target=\"_blank\">\n\t\t\t\t\t\t<span class=\"elementor-button-content-wrapper\">\n\t\t\t\t\t\t\t\t\t<span class=\"elementor-button-text\">Visiter le site web<\/span>\n\t\t\t\t\t<\/span>\n\t\t\t\t\t<\/a>\n\t\t\t\t<\/div>\n\t\t\t\t\t\t\t\t<\/div>\n\t\t\t\t<\/div>\n\t\t\t\t<div class=\"elementor-element elementor-element-18de3bf elementor-widget elementor-widget-button\" data-id=\"18de3bf\" data-element_type=\"widget\" data-widget_type=\"button.default\">\n\t\t\t\t<div class=\"elementor-widget-container\">\n\t\t\t\t\t\t\t\t\t<div class=\"elementor-button-wrapper\">\n\t\t\t\t\t<a class=\"elementor-button elementor-button-link elementor-size-sm\" href=\"#\">\n\t\t\t\t\t\t<span class=\"elementor-button-content-wrapper\">\n\t\t\t\t\t\t\t\t\t<span class=\"elementor-button-text\">\u00c0 propos du projet<\/span>\n\t\t\t\t\t<\/span>\n\t\t\t\t\t<\/a>\n\t\t\t\t<\/div>\n\t\t\t\t\t\t\t\t<\/div>\n\t\t\t\t<\/div>\n\t\t\t\t<\/div>\n\t\t\t\t<\/div>\n\t\t\t\t<\/div>\n\t\t\t\t<\/div>\n\t\t\t\t<\/div>\n\t\t\t\t<\/div>","protected":false},"excerpt":{"rendered":"<p>Our Work We don\u2019t just build products; we engineer growth. Discover our portfolio of custom web applications, automated workflows, and premium visual identities built to perform at scale. E-commerce &amp; Automation SUSHI SUR OISE A complete digital transformation for a premium restaurant. We engineered a custom e-commerce platform that automates the entire order lifecycle, from [&hellip;]<\/p>","protected":false},"author":1,"featured_media":0,"parent":0,"menu_order":0,"comment_status":"closed","ping_status":"closed","template":"","meta":{"footnotes":""},"class_list":["post-14","page","type-page","status-publish","hentry"],"_links":{"self":[{"href":"https:\/\/9thcloudstudios.com\/fr\/wp-json\/wp\/v2\/pages\/14","targetHints":{"allow":["GET"]}}],"collection":[{"href":"https:\/\/9thcloudstudios.com\/fr\/wp-json\/wp\/v2\/pages"}],"about":[{"href":"https:\/\/9thcloudstudios.com\/fr\/wp-json\/wp\/v2\/types\/page"}],"author":[{"embeddable":true,"href":"https:\/\/9thcloudstudios.com\/fr\/wp-json\/wp\/v2\/users\/1"}],"replies":[{"embeddable":true,"href":"https:\/\/9thcloudstudios.com\/fr\/wp-json\/wp\/v2\/comments?post=14"}],"version-history":[{"count":5,"href":"https:\/\/9thcloudstudios.com\/fr\/wp-json\/wp\/v2\/pages\/14\/revisions"}],"predecessor-version":[{"id":616,"href":"https:\/\/9thcloudstudios.com\/fr\/wp-json\/wp\/v2\/pages\/14\/revisions\/616"}],"wp:attachment":[{"href":"https:\/\/9thcloudstudios.com\/fr\/wp-json\/wp\/v2\/media?parent=14"}],"curies":[{"name":"wp","href":"https:\/\/api.w.org\/{rel}","templated":true}]}}